{"id":412,"date":"2016-11-15T09:00:00","date_gmt":"2016-11-15T08:00:00","guid":{"rendered":"http:\/\/test.kriesi.at\/church\/?page_id=17"},"modified":"2025-08-14T11:05:57","modified_gmt":"2025-08-14T09:05:57","slug":"platz440","status":"publish","type":"page","link":"https:\/\/www.ursheld.ch\/ursheld\/platz440\/","title":{"rendered":"Vermietung von Lebensr\u00e4umen"},"content":{"rendered":"\n<style type=\"text\/css\" data-created_by=\"avia_inline_auto\" id=\"style-css-av-1qf8s4-58214612b230f426b16b6f914f195a2c\">\n.avia-section.av-1qf8s4-58214612b230f426b16b6f914f195a2c{\nbackground-repeat:no-repeat;\nbackground-image:url(https:\/\/www.ursheld.ch\/ursheld\/wp-content\/uploads\/2017\/01\/raumfuersich-walzenhausen-hauszurmitte-fassade-01-300x225.jpg);\nbackground-position:50% 50%;\nbackground-attachment:fixed;\n}\n.avia-section.av-1qf8s4-58214612b230f426b16b6f914f195a2c .av-section-color-overlay{\nopacity:0.3;\nbackground-color:#000000;\n}\n<\/style>\n<div id='av_section_1'  class='avia-section av-1qf8s4-58214612b230f426b16b6f914f195a2c main_color avia-section-large avia-no-border-styling  avia-builder-el-0  el_before_av_section  avia-builder-el-first  avia-full-stretch avia-bg-style-fixed av-section-color-overlay-active av-minimum-height av-minimum-height-custom av-height-custom  container_wrap sidebar_right'  data-section-bg-repeat='stretch' data-av_minimum_height_px='630'><div class=\"av-section-color-overlay-wrap\"><div class=\"av-section-color-overlay\"><\/div><div class='container av-section-cont-open' style='height:630px'><main  role=\"main\" itemprop=\"mainContentOfPage\"  class='template-page content  av-content-small alpha units'><div class='post-entry post-entry-type-page post-entry-412'><div class='entry-content-wrapper clearfix'>\n\n<style type=\"text\/css\" data-created_by=\"avia_inline_auto\" id=\"style-css-av-k4qp06vl-462b48d3b1e1938e23ccfa2c97202888\">\n#top .av-special-heading.av-k4qp06vl-462b48d3b1e1938e23ccfa2c97202888{\npadding-bottom:9px;\ncolor:#ffffff;\nfont-size:22px;\n}\nbody .av-special-heading.av-k4qp06vl-462b48d3b1e1938e23ccfa2c97202888 .av-special-heading-tag .heading-char{\nfont-size:25px;\n}\n#top #wrap_all .av-special-heading.av-k4qp06vl-462b48d3b1e1938e23ccfa2c97202888 .av-special-heading-tag{\nfont-size:22px;\n}\n.av-special-heading.av-k4qp06vl-462b48d3b1e1938e23ccfa2c97202888 .special-heading-inner-border{\nborder-color:#ffffff;\n}\n.av-special-heading.av-k4qp06vl-462b48d3b1e1938e23ccfa2c97202888 .av-subheading{\nfont-size:15px;\n}\n\n@media only screen and (min-width: 480px) and (max-width: 767px){ \n#top #wrap_all .av-special-heading.av-k4qp06vl-462b48d3b1e1938e23ccfa2c97202888 .av-special-heading-tag{\nfont-size:0.8em;\n}\n}\n\n@media only screen and (max-width: 479px){ \n#top #wrap_all .av-special-heading.av-k4qp06vl-462b48d3b1e1938e23ccfa2c97202888 .av-special-heading-tag{\nfont-size:0.8em;\n}\n}\n<\/style>\n<div  class='av-special-heading av-k4qp06vl-462b48d3b1e1938e23ccfa2c97202888 av-special-heading-h3 custom-color-heading blockquote modern-quote modern-centered  avia-builder-el-1  el_before_av_hr  avia-builder-el-first  av-inherit-size av-linked-heading'><h3 class='av-special-heading-tag '  itemprop=\"headline\"  >hier l\u00e4sst es sich liebevoll leben <span class='special_amp'>&amp;<\/span> erfolgreich arbeiten<\/h3><div class=\"special-heading-border\"><div class=\"special-heading-inner-border\"><\/div><\/div><\/div>\n\n<style type=\"text\/css\" data-created_by=\"avia_inline_auto\" id=\"style-css-av-4ygp8-290abcb4f0d3aa749d3a68f136573eca\">\n#top .hr.av-4ygp8-290abcb4f0d3aa749d3a68f136573eca{\nmargin-top:30px;\nmargin-bottom:30px;\n}\n.hr.av-4ygp8-290abcb4f0d3aa749d3a68f136573eca .hr-inner{\nwidth:20%;\nborder-color:rgba(255,255,255,0.76);\nmax-width:45%;\n}\n.hr.av-4ygp8-290abcb4f0d3aa749d3a68f136573eca .av-seperator-icon{\ncolor:#ffffff;\n}\n.hr.av-4ygp8-290abcb4f0d3aa749d3a68f136573eca .av-seperator-icon.avia-svg-icon svg:first-child{\nfill:#ffffff;\nstroke:#ffffff;\n}\n<\/style>\n<div  class='hr av-4ygp8-290abcb4f0d3aa749d3a68f136573eca hr-custom  avia-builder-el-2  el_after_av_heading  avia-builder-el-last  hr-center hr-icon-yes'><span class='hr-inner inner-border-av-border-thin'><span class=\"hr-inner-style\"><\/span><\/span><span class='av-seperator-icon avia-iconfont avia-font-entypo-fontello' data-av_icon='\ue8bf' data-av_iconfont='entypo-fontello' ><\/span><span class='hr-inner inner-border-av-border-thin'><span class=\"hr-inner-style\"><\/span><\/span><\/div>\n\n<\/div><\/div><\/main><!-- close content main element --><\/div><\/div><\/div>\n<style type=\"text\/css\" data-created_by=\"avia_inline_auto\" id=\"style-css-av-17kdqk-f98d6fd9b9759af76a6dd51d168b28e8\">\n.avia-section.av-17kdqk-f98d6fd9b9759af76a6dd51d168b28e8{\nbackground-color:#255ba7;\nbackground-image:unset;\n}\n<\/style>\n<div id='av_section_2'  class='avia-section av-17kdqk-f98d6fd9b9759af76a6dd51d168b28e8 main_color avia-section-default avia-no-border-styling  avia-builder-el-3  el_after_av_section  el_before_av_section  avia-bg-style-scroll container_wrap sidebar_right'  ><div class='container av-section-cont-open' ><div class='template-page content  av-content-small alpha units'><div class='post-entry post-entry-type-page post-entry-412'><div class='entry-content-wrapper clearfix'>\n\n<style type=\"text\/css\" data-created_by=\"avia_inline_auto\" id=\"style-css-av-10qqdg-1825fdc9bcce0f549f37ed8d465655bb\">\n#top .flex_column.av-10qqdg-1825fdc9bcce0f549f37ed8d465655bb{\nmargin-top:-90px;\nmargin-bottom:0px;\n}\n.flex_column.av-10qqdg-1825fdc9bcce0f549f37ed8d465655bb{\nborder-radius:0px 0px 0px 0px;\npadding:30px 30px 30px 30px;\nbackground-color:#ffffff;\n}\n.responsive #top #wrap_all .flex_column.av-10qqdg-1825fdc9bcce0f549f37ed8d465655bb{\nmargin-top:-90px;\nmargin-bottom:0px;\n}\n<\/style>\n<div  class='flex_column av-10qqdg-1825fdc9bcce0f549f37ed8d465655bb av_one_full  avia-builder-el-4  avia-builder-el-no-sibling  first flex_column_div  '     ><p>\n<style type=\"text\/css\" data-created_by=\"avia_inline_auto\" id=\"style-css-av-yjx6k-dafce8c3ac4632ac41577f68b9354fa9\">\n.avia-image-container.av-yjx6k-dafce8c3ac4632ac41577f68b9354fa9 img.avia_image{\nbox-shadow:none;\n}\n.avia-image-container.av-yjx6k-dafce8c3ac4632ac41577f68b9354fa9 .av-image-caption-overlay-center{\ncolor:#ffffff;\n}\n<\/style>\n<div  class='avia-image-container av-yjx6k-dafce8c3ac4632ac41577f68b9354fa9 av-styling- avia-align-center  avia-builder-el-5  el_before_av_textblock  avia-builder-el-first '   itemprop=\"image\" itemscope=\"itemscope\" itemtype=\"https:\/\/schema.org\/ImageObject\" ><div class=\"avia-image-container-inner\"><div class=\"avia-image-overlay-wrap\"><img decoding=\"async\" fetchpriority=\"high\" class='wp-image-7394 avia-img-lazy-loading-not-7394 avia_image ' src=\"https:\/\/www.ursheld.ch\/ursheld\/wp-content\/uploads\/2023\/06\/IMG_6868-bearbeitet-225x300.jpg\" alt='' title='IMG_6868 bearbeitet'  height=\"300\" width=\"225\"  itemprop=\"thumbnailUrl\" srcset=\"https:\/\/www.ursheld.ch\/ursheld\/wp-content\/uploads\/2023\/06\/IMG_6868-bearbeitet-225x300.jpg 225w, https:\/\/www.ursheld.ch\/ursheld\/wp-content\/uploads\/2023\/06\/IMG_6868-bearbeitet-772x1030.jpg 772w, https:\/\/www.ursheld.ch\/ursheld\/wp-content\/uploads\/2023\/06\/IMG_6868-bearbeitet-768x1025.jpg 768w, https:\/\/www.ursheld.ch\/ursheld\/wp-content\/uploads\/2023\/06\/IMG_6868-bearbeitet-scaled.jpg 1919w\" sizes=\"(max-width: 225px) 100vw, 225px\" \/><\/div><\/div><\/div><br \/>\n<section  class='av_textblock_section av-meb5x7bm-0c5c97e4a88e4c01078080de57ae491a '   itemscope=\"itemscope\" itemtype=\"https:\/\/schema.org\/CreativeWork\" ><div class='avia_textblock'  itemprop=\"text\" ><div class=\"av-special-heading av-special-heading-h3 blockquote modern-quote modern-centered avia-builder-el-16 el_before_av_hr avia-builder-el-first \" style=\"text-align: left;\"><\/div>\n<section class=\"av_textblock_section \">\n<div class=\"avia_textblock \">\n<p style=\"text-align: center;\"><strong>Urs Held lebt seine Freude und Begeisterung f\u00fcr sch\u00f6nen Wohnraum am Kraftort &#8222;platz876&#8220; in 9428 Walzenhausen tatkr\u00e4ftig aus.<br \/>\n<\/strong><\/p>\n<p style=\"text-align: center;\"><strong>*<\/strong><\/p>\n<p style=\"text-align: center;\"><strong>Walzenhausen liegt oberhalb des Bodensees, beim Dreil\u00e4ndereck CH-A-D und gilt als Balkon \u00fcber dem Bodensee.<\/strong><\/p>\n<p style=\"text-align: center;\">*<\/p>\n<p style=\"text-align: center;\"><strong>Eingebettet im vorderen\u00a0Appenzellerland finden Sie hier ein vielf\u00e4ltiges Angebot von Lebensr\u00e4umen.<\/strong><\/p>\n<p style=\"text-align: center;\"><strong>Immer wieder entstehen stilvolle, individuelle Wohnungen von Innen heraus. Jede Wohnung ist einmalig und ist mit Farben, Formen und Materialen fein aufeinander abgestimmt.<\/strong><\/p>\n<p style=\"text-align: center;\">*<\/p>\n<p style=\"text-align: center;\"><strong>8 &#8211; 10 individuelle Wohnungen in drei H\u00e4usern bieten Ihnen ein bereicherndes Zuhause voller Ruhe, inspirierender Kreativit\u00e4t und Entfaltungsm\u00f6glichkeiten.<\/strong><\/p>\n<p style=\"text-align: center;\">*<\/p>\n<p style=\"text-align: center;\"><strong>Das Haus zur Mitte (Platz 221) <\/strong><\/p>\n<p style=\"text-align: center;\"><strong>verf\u00fcgt \u00fcber 4 individuelle Wohnungen in unterschiedlichen Gr\u00f6ssen<\/strong><\/p>\n<p style=\"text-align: center;\">*<\/p>\n<p style=\"text-align: center;\"><strong>Das Haus zur Stille (Platz 219) <\/strong><\/p>\n<p style=\"text-align: center;\"><strong>verf\u00fcgt \u00fcber drei etwas kleinere Einheiten (1 1\/2 und 2 1\/2 Zimmer Wohnungen)<\/strong><\/p>\n<p style=\"text-align: center;\">*<\/p>\n<p style=\"text-align: center;\"><strong>Das Haus Kukumbrian (Platz 220) <\/strong><\/p>\n<p style=\"text-align: center;\"><strong>verf\u00fcgt \u00fcber einen 70-m2 Seminarraum, eine Teek\u00fcche mit Terrasse<\/strong><\/p>\n<p style=\"text-align: center;\"><strong>und \u00fcber 2-3 <\/strong>(teilweise noch im Bau)<strong> individuelle Wohnungen\u00a0 mit<br \/>\n<\/strong><\/p>\n<p style=\"text-align: center;\"><strong>ca 90 &#8211; 110 m2 grosser Wohnfl\u00e4che<\/strong><\/p>\n<p style=\"text-align: center;\">*<\/p>\n<p style=\"text-align: center;\"><strong>Ein sonniger Innenhof der die H\u00e4user 219 bis 221 verbindet l\u00e4dt mit einem grossen Sitzplatz zum gem\u00fctlichen Verweilen ein. <\/strong><\/p>\n<p style=\"text-align: center;\"><strong>Rund um die H\u00e4user finden sie weitere Sitzpl\u00e4tze und eine grosse Grillstelle. <\/strong><\/p>\n<p style=\"text-align: center;\"><strong>Gesamthaft bilden die H\u00e4user &#8222;Platz 876&#8220; einen wohlgestalteten \u00e4usseren Lebensraum der die drei H\u00e4user zu einer Einheit verbindet ohne aufdringlich zu wirken.<\/strong><\/p>\n<p style=\"text-align: center;\">*<\/p>\n<p style=\"text-align: center;\"><strong>Ausf\u00fchrliche Infos erhalten Sie bei Urs Held<\/strong><\/p>\n<p style=\"text-align: center;\">*<\/p>\n<p style=\"text-align: center;\"><strong>Erfreulicherweise sind alle acht <\/strong>(zurzeit verf\u00fcgbaren)<strong> Wohnungen an wunderbare Menschen vermietet.<\/strong><\/p>\n<p style=\"text-align: center;\"><strong>*<\/strong><\/p>\n<p style=\"text-align: center;\"><strong>baulich <\/strong>entstand im 2024\/25 im Haus Kukumbrian &#8211; Platz 220 &#8211;<\/p>\n<p style=\"text-align: center;\"><strong>der neue Stille-, Yoga- und Seminarraum<\/strong><\/p>\n<p style=\"text-align: center;\">*<\/p>\n<p style=\"text-align: center;\"><strong>\u00a0<\/strong><\/p>\n<\/div>\n<\/section>\n<\/div><\/section><br \/>\n\n<style type=\"text\/css\" data-created_by=\"avia_inline_auto\" id=\"style-css-av-meb6camg-340694add947d1e4f94f2b6bd9574bf8\">\n.avia-image-container.av-meb6camg-340694add947d1e4f94f2b6bd9574bf8 img.avia_image{\nbox-shadow:none;\n}\n.avia-image-container.av-meb6camg-340694add947d1e4f94f2b6bd9574bf8 .av-image-caption-overlay-center{\ncolor:#ffffff;\n}\n<\/style>\n<div  class='avia-image-container av-meb6camg-340694add947d1e4f94f2b6bd9574bf8 av-styling- avia-align-center  avia-builder-el-7  el_after_av_textblock  avia-builder-el-last '   itemprop=\"image\" itemscope=\"itemscope\" itemtype=\"https:\/\/schema.org\/ImageObject\" ><div class=\"avia-image-container-inner\"><div class=\"avia-image-overlay-wrap\"><img decoding=\"async\" fetchpriority=\"high\" class='wp-image-8552 avia-img-lazy-loading-not-8552 avia_image ' src=\"https:\/\/www.ursheld.ch\/ursheld\/wp-content\/uploads\/2025\/08\/IMG_3139-300x225.jpg\" alt='' title='IMG_3139'  height=\"225\" width=\"300\"  itemprop=\"thumbnailUrl\" srcset=\"https:\/\/www.ursheld.ch\/ursheld\/wp-content\/uploads\/2025\/08\/IMG_3139-300x225.jpg 300w, https:\/\/www.ursheld.ch\/ursheld\/wp-content\/uploads\/2025\/08\/IMG_3139-1030x773.jpg 1030w, https:\/\/www.ursheld.ch\/ursheld\/wp-content\/uploads\/2025\/08\/IMG_3139-768x576.jpg 768w, https:\/\/www.ursheld.ch\/ursheld\/wp-content\/uploads\/2025\/08\/IMG_3139-1536x1152.jpg 1536w, https:\/\/www.ursheld.ch\/ursheld\/wp-content\/uploads\/2025\/08\/IMG_3139-2048x1536.jpg 2048w, https:\/\/www.ursheld.ch\/ursheld\/wp-content\/uploads\/2025\/08\/IMG_3139-1500x1125.jpg 1500w, https:\/\/www.ursheld.ch\/ursheld\/wp-content\/uploads\/2025\/08\/IMG_3139-705x529.jpg 705w\" sizes=\"(max-width: 300px) 100vw, 300px\" \/><\/div><\/div><\/div><\/p><\/div><\/div><\/div><\/div><!-- close content main div --><\/div><\/div>\n<style type=\"text\/css\" data-created_by=\"avia_inline_auto\" id=\"style-css-av-ipqy4-2c246bbcedddc30b0ccb2208f44b4d7e\">\n.avia-section.av-ipqy4-2c246bbcedddc30b0ccb2208f44b4d7e{\nbackground-color:#255ba7;\nbackground-image:unset;\n}\n<\/style>\n<div id='av_section_3'  class='avia-section av-ipqy4-2c246bbcedddc30b0ccb2208f44b4d7e main_color avia-section-default avia-no-border-styling  avia-builder-el-8  el_after_av_section  avia-builder-el-last  avia-bg-style-scroll container_wrap sidebar_right'  ><div class='container av-section-cont-open' ><div class='template-page content  av-content-small alpha units'><div class='post-entry post-entry-type-page post-entry-412'><div class='entry-content-wrapper clearfix'><\/div><\/div><\/div><!-- close content main div --><\/div><\/div><div id='after_section_3'  class='main_color av_default_container_wrap container_wrap sidebar_right'  ><div class='container av-section-cont-open' ><div class='template-page content  av-content-small alpha units'><div class='post-entry post-entry-type-page post-entry-412'><div class='entry-content-wrapper clearfix'><\/p>\n","protected":false},"excerpt":{"rendered":"","protected":false},"author":2,"featured_media":975,"parent":0,"menu_order":20,"comment_status":"open","ping_status":"closed","template":"","meta":{"footnotes":""},"class_list":["post-412","page","type-page","status-publish","has-post-thumbnail","hentry"],"_links":{"self":[{"href":"https:\/\/www.ursheld.ch\/ursheld\/wp-json\/wp\/v2\/pages\/412","targetHints":{"allow":["GET"]}}],"collection":[{"href":"https:\/\/www.ursheld.ch\/ursheld\/wp-json\/wp\/v2\/pages"}],"about":[{"href":"https:\/\/www.ursheld.ch\/ursheld\/wp-json\/wp\/v2\/types\/page"}],"author":[{"embeddable":true,"href":"https:\/\/www.ursheld.ch\/ursheld\/wp-json\/wp\/v2\/users\/2"}],"replies":[{"embeddable":true,"href":"https:\/\/www.ursheld.ch\/ursheld\/wp-json\/wp\/v2\/comments?post=412"}],"version-history":[{"count":205,"href":"https:\/\/www.ursheld.ch\/ursheld\/wp-json\/wp\/v2\/pages\/412\/revisions"}],"predecessor-version":[{"id":8858,"href":"https:\/\/www.ursheld.ch\/ursheld\/wp-json\/wp\/v2\/pages\/412\/revisions\/8858"}],"wp:featuredmedia":[{"embeddable":true,"href":"https:\/\/www.ursheld.ch\/ursheld\/wp-json\/wp\/v2\/media\/975"}],"wp:attachment":[{"href":"https:\/\/www.ursheld.ch\/ursheld\/wp-json\/wp\/v2\/media?parent=412"}],"curies":[{"name":"wp","href":"https:\/\/api.w.org\/{rel}","templated":true}]}}