{"id":98,"date":"2016-11-15T09:00:24","date_gmt":"2016-11-15T08:00:24","guid":{"rendered":"http:\/\/192.168.1.104\/enfold-blog\/?page_id=13"},"modified":"2023-12-12T13:54:36","modified_gmt":"2023-12-12T12:54:36","slug":"kontakt-2","status":"publish","type":"page","link":"https:\/\/www.ursheld.ch\/ursheld\/kontakt-2\/","title":{"rendered":"Kontakt"},"content":{"rendered":"<div  class='av_gmaps_sc_main_wrap av_gmaps_main_wrap '><div id='av_gmap_0' class='avia-google-map-container avia-google-map-sc av_gmaps_show_unconditionally av-no-fallback-img ' data-mapid='av_gmap_0'  style='height: 630px;'><a class=\"av_gmaps_browser_disabled av_text_confirm_link av_text_confirm_link_visible\" href=\"https:\/\/www.google.com\/maps\/search\/?api=1&#038;query=Platz%20219%20%209428%20Walzenhausen%20%20Schweiz\" target=\"_blank\">Aufgrund deiner Datenschutz-Einstellungen k\u00f6nnen wir Ihnen die Karte nicht anzeigen. Klicken Sie hier, um die Karte in einem neuen Fenster zu \u00f6ffnen.<\/a><\/div><\/div>\n\n<style type=\"text\/css\" data-created_by=\"avia_inline_auto\" id=\"style-css-av-ce84a-d4a8c5a5e7b13ab6e499f9c655629ac1\">\n.avia-section.av-ce84a-d4a8c5a5e7b13ab6e499f9c655629ac1{\nbackground-color:#b4c8e9;\nbackground-image:unset;\n}\n<\/style>\n<div id='av_section_1'  class='avia-section av-ce84a-d4a8c5a5e7b13ab6e499f9c655629ac1 main_color avia-section-default avia-no-border-styling  avia-builder-el-1  el_after_av_google_map  avia-builder-el-last  avia-bg-style-scroll container_wrap sidebar_right'  ><div class='container av-section-cont-open' ><div class='template-page content  av-content-small alpha units'><div class='post-entry post-entry-type-page post-entry-98'><div class='entry-content-wrapper clearfix'>\n<div class='flex_column_table av-biy9q-792de42cb1e18a8a4f0b8c2f8d6789b9 sc-av_one_half av-equal-height-column-flextable'>\n<style type=\"text\/css\" data-created_by=\"avia_inline_auto\" id=\"style-css-av-biy9q-792de42cb1e18a8a4f0b8c2f8d6789b9\">\n#top .flex_column_table.av-equal-height-column-flextable.av-biy9q-792de42cb1e18a8a4f0b8c2f8d6789b9{\nmargin-top:-90px;\nmargin-bottom:-90px;\n}\n.flex_column.av-biy9q-792de42cb1e18a8a4f0b8c2f8d6789b9{\nborder-radius:0px 0px 0px 0px;\npadding:30px 30px 30px 30px;\nbackground-color:#ffffff;\n}\n<\/style>\n<div  class='flex_column av-biy9q-792de42cb1e18a8a4f0b8c2f8d6789b9 av_one_half  avia-builder-el-2  el_before_av_one_half  avia-builder-el-first  first no_margin flex_column_table_cell av-equal-height-column av-align-top  '     ><p>\n<style type=\"text\/css\" data-created_by=\"avia_inline_auto\" id=\"style-css-av-1lxhq-eda7f87953015b65630758ba0547de12\">\n#top .av-special-heading.av-1lxhq-eda7f87953015b65630758ba0547de12{\npadding-bottom:0;\nfont-size:22px;\n}\nbody .av-special-heading.av-1lxhq-eda7f87953015b65630758ba0547de12 .av-special-heading-tag .heading-char{\nfont-size:25px;\n}\n#top #wrap_all .av-special-heading.av-1lxhq-eda7f87953015b65630758ba0547de12 .av-special-heading-tag{\nfont-size:22px;\n}\n.av-special-heading.av-1lxhq-eda7f87953015b65630758ba0547de12 .av-subheading{\nfont-size:15px;\n}\n\n@media only screen and (min-width: 480px) and (max-width: 767px){ \n#top #wrap_all .av-special-heading.av-1lxhq-eda7f87953015b65630758ba0547de12 .av-special-heading-tag{\nfont-size:0.8em;\n}\n}\n\n@media only screen and (max-width: 479px){ \n#top #wrap_all .av-special-heading.av-1lxhq-eda7f87953015b65630758ba0547de12 .av-special-heading-tag{\nfont-size:0.8em;\n}\n}\n<\/style>\n<div  class='av-special-heading av-1lxhq-eda7f87953015b65630758ba0547de12 av-special-heading-h3 blockquote modern-quote modern-centered  avia-builder-el-3  el_before_av_hr  avia-builder-el-first  av-inherit-size'><h3 class='av-special-heading-tag '  itemprop=\"headline\"  >Walzenhausen<\/h3><div class='av-subheading av-subheading_below'><p>Urs Held wirkt in Walzenhausen. Am sch\u00f6nen Dreil\u00e4ndereck hoch \u00fcber dem Bodensee. Dem Tor zum Appenzellerland.<\/p>\n<\/div><div class=\"special-heading-border\"><div class=\"special-heading-inner-border\"><\/div><\/div><\/div><br \/>\n\n<style type=\"text\/css\" data-created_by=\"avia_inline_auto\" id=\"style-css-av-aonga-b3cff80058ede7ac67ce131a0f0559e9\">\n#top .hr.av-aonga-b3cff80058ede7ac67ce131a0f0559e9{\nmargin-top:30px;\nmargin-bottom:30px;\n}\n.hr.av-aonga-b3cff80058ede7ac67ce131a0f0559e9 .hr-inner{\nwidth:20%;\nmax-width:45%;\n}\n<\/style>\n<div  class='hr av-aonga-b3cff80058ede7ac67ce131a0f0559e9 hr-custom  avia-builder-el-4  el_after_av_heading  el_before_av_textblock  hr-center hr-icon-yes'><span class='hr-inner inner-border-av-border-thin'><span class=\"hr-inner-style\"><\/span><\/span><span class='av-seperator-icon avia-iconfont avia-font-entypo-fontello' data-av_icon='\ue8bf' data-av_iconfont='entypo-fontello' ><\/span><span class='hr-inner inner-border-av-border-thin'><span class=\"hr-inner-style\"><\/span><\/span><\/div><br \/>\n<section  class='av_textblock_section av-9tcoe-cf2a8750c8688ffd87b638549f42e835 '   itemscope=\"itemscope\" itemtype=\"https:\/\/schema.org\/CreativeWork\" ><div class='avia_textblock'  itemprop=\"text\" ><p><strong>Privatadresse:\u00a0<\/strong><\/p>\n<p>Urs Held<strong>\u00a0,\u00a0<\/strong>Platz 220, 9428 Walzenhausen (AR)<\/p>\n<p><strong>Wirkungsst\u00e4tte:\u00a0<\/strong><\/p>\n<p>Platz 221, 9428 Walzenhausen (AR)<\/p>\n<p><strong>Telefon: \u00a0<\/strong><\/p>\n<p>+41 79 753 53 05<\/p>\n<p><strong>E-Mail:<\/strong><\/p>\n<p>urs@ursheld.ch<\/p>\n<\/div><\/section><br \/>\n\n<style type=\"text\/css\" data-created_by=\"avia_inline_auto\" id=\"style-css-av-9hp02-f9b6481549946c6f1930652c368fa4ad\">\n#top .hr.av-9hp02-f9b6481549946c6f1930652c368fa4ad{\nmargin-top:18px;\nmargin-bottom:30px;\n}\n.hr.av-9hp02-f9b6481549946c6f1930652c368fa4ad .hr-inner{\nwidth:20%;\nmax-width:45%;\n}\n<\/style>\n<div  class='hr av-9hp02-f9b6481549946c6f1930652c368fa4ad hr-custom  avia-builder-el-6  el_after_av_textblock  avia-builder-el-last  hr-center hr-icon-yes'><span class='hr-inner inner-border-av-border-thin'><span class=\"hr-inner-style\"><\/span><\/span><span class='av-seperator-icon avia-iconfont avia-font-entypo-fontello' data-av_icon='\ue8bf' data-av_iconfont='entypo-fontello' ><\/span><span class='hr-inner inner-border-av-border-thin'><span class=\"hr-inner-style\"><\/span><\/span><\/div><\/p><\/div>\n<style type=\"text\/css\" data-created_by=\"avia_inline_auto\" id=\"style-css-av-8uvxq-8f52dc44413686f92172ade47a8e5d16\">\n#top .flex_column_table.av-equal-height-column-flextable.av-8uvxq-8f52dc44413686f92172ade47a8e5d16{\nmargin-top:-90px;\nmargin-bottom:-90px;\n}\n.flex_column.av-8uvxq-8f52dc44413686f92172ade47a8e5d16{\nborder-radius:0px 0px 0px 0px;\npadding:30px 30px 30px 30px;\nbackground-color:#255ba7;\n}\n<\/style>\n<div  class='flex_column av-8uvxq-8f52dc44413686f92172ade47a8e5d16 av_one_half  avia-builder-el-7  el_after_av_one_half  avia-builder-el-last  no_margin flex_column_table_cell av-equal-height-column av-align-top  '     ><p>\n<style type=\"text\/css\" data-created_by=\"avia_inline_auto\" id=\"style-css-av-143im-f458f1dc1aed5f6774e26ab2cefaf40e\">\n#top .av-special-heading.av-143im-f458f1dc1aed5f6774e26ab2cefaf40e{\npadding-bottom:0;\ncolor:#ffffff;\nfont-size:30px;\n}\nbody .av-special-heading.av-143im-f458f1dc1aed5f6774e26ab2cefaf40e .av-special-heading-tag .heading-char{\nfont-size:25px;\n}\n#top #wrap_all .av-special-heading.av-143im-f458f1dc1aed5f6774e26ab2cefaf40e .av-special-heading-tag{\nfont-size:30px;\n}\n.av-special-heading.av-143im-f458f1dc1aed5f6774e26ab2cefaf40e .special-heading-inner-border{\nborder-color:#ffffff;\n}\n.av-special-heading.av-143im-f458f1dc1aed5f6774e26ab2cefaf40e .av-subheading{\nfont-size:13px;\n}\n\n@media only screen and (min-width: 480px) and (max-width: 767px){ \n#top #wrap_all .av-special-heading.av-143im-f458f1dc1aed5f6774e26ab2cefaf40e .av-special-heading-tag{\nfont-size:0.8em;\n}\n}\n\n@media only screen and (max-width: 479px){ \n#top #wrap_all .av-special-heading.av-143im-f458f1dc1aed5f6774e26ab2cefaf40e .av-special-heading-tag{\nfont-size:0.8em;\n}\n}\n<\/style>\n<div  class='av-special-heading av-143im-f458f1dc1aed5f6774e26ab2cefaf40e av-special-heading-h3 custom-color-heading blockquote modern-quote modern-centered  avia-builder-el-8  el_before_av_hr  avia-builder-el-first  av-inherit-size'><h3 class='av-special-heading-tag '  itemprop=\"headline\"  >Einfach kontaktieren!<\/h3><div class='av_custom_color av-subheading av-subheading_below'><p>Ich freue mich, von Ihnen zu h\u00f6ren.<\/p>\n<\/div><div class=\"special-heading-border\"><div class=\"special-heading-inner-border\"><\/div><\/div><\/div><br \/>\n\n<style type=\"text\/css\" data-created_by=\"avia_inline_auto\" id=\"style-css-av-7o8fy-ba5aee6d7e664c687bdd46675dd3eae8\">\n#top .hr.av-7o8fy-ba5aee6d7e664c687bdd46675dd3eae8{\nmargin-top:30px;\nmargin-bottom:30px;\n}\n.hr.av-7o8fy-ba5aee6d7e664c687bdd46675dd3eae8 .hr-inner{\nwidth:20%;\nborder-color:rgba(255,255,255,0.3);\nmax-width:45%;\n}\n.hr.av-7o8fy-ba5aee6d7e664c687bdd46675dd3eae8 .av-seperator-icon{\ncolor:#ffffff;\n}\n.hr.av-7o8fy-ba5aee6d7e664c687bdd46675dd3eae8 .av-seperator-icon.avia-svg-icon svg:first-child{\nfill:#ffffff;\nstroke:#ffffff;\n}\n<\/style>\n<div  class='hr av-7o8fy-ba5aee6d7e664c687bdd46675dd3eae8 hr-custom  avia-builder-el-9  el_after_av_heading  el_before_av_contact  hr-center hr-icon-yes'><span class='hr-inner inner-border-av-border-thin'><span class=\"hr-inner-style\"><\/span><\/span><span class='av-seperator-icon avia-iconfont avia-font-entypo-fontello' data-av_icon='\ue8bf' data-av_iconfont='entypo-fontello' ><\/span><span class='hr-inner inner-border-av-border-thin'><span class=\"hr-inner-style\"><\/span><\/span><\/div><br \/>\n<form action=\"https:\/\/www.ursheld.ch\/ursheld\/kontakt-2\/\" method=\"post\" data-fields-with-error=\"Fehler wurden in folgenden Feld(ern) gefunden:\" class=\"avia_ajax_form av-form-labels-visible   avia-builder-el-10  el_after_av_hr  avia-builder-el-last  av-centered-form  av-custom-form-color av-light-form \" data-avia-form-id=\"1\" data-avia-redirect='' ><fieldset><p class='  first_form  form_element form_element_half' id='element_avia_1_1'><label for=\"avia_1_1\">Name <abbr class=\"required\" title=\"ben\u00f6tigt\">*<\/abbr><\/label> <input name=\"avia_1_1\" class=\"text_input is_empty\" type=\"text\" id=\"avia_1_1\" value=\"\" \/><\/p><p class='  form_element form_element_half' id='element_avia_2_1'><label for=\"avia_2_1\">E-Mail <abbr class=\"required\" title=\"ben\u00f6tigt\">*<\/abbr><\/label> <input name=\"avia_2_1\" class=\"text_input is_email\" type=\"text\" id=\"avia_2_1\" value=\"\" \/><\/p><p class='  first_form  form_element form_fullwidth' id='element_avia_3_1'><label for=\"avia_3_1\" class=\"textare_label hidden textare_label_avia_3_1\">Nachricht <abbr class=\"required\" title=\"ben\u00f6tigt\">*<\/abbr><\/label><textarea  name=\"avia_3_1\" class=\"text_area is_empty\" cols=\"40\" rows=\"7\" id=\"avia_3_1\" ><\/textarea><\/p><p class=\"hidden\"><input type=\"text\" name=\"avia_4_1\" class=\"hidden \" id=\"avia_4_1\" value=\"\" \/><\/p><p class='   form_element form_fullwidth' id='element_avia_5_1'><span class='value_verifier_label'>6 + 0 = ?<\/span><input name=\"avia_5_1_verifier\" type=\"hidden\" id=\"avia_5_1_verifier\" value=\"484683733\"\/><label for=\"avia_5_1\">Bitte l\u00f6se die Gleichung. Diese Ma\u00dfnahme dient der Abwehr von Spam <abbr class=\"required\" title=\"ben\u00f6tigt\">*<\/abbr><\/label><input name=\"avia_5_1\" class=\"text_input captcha\" type=\"text\" id=\"avia_5_1\" value=\"\"\/><\/p><p class=\"form_element \"><input type=\"hidden\" value=\"1\" name=\"avia_generated_form1\" \/><input type=\"submit\" value=\"Senden\" class=\"button\"  data-sending-label=\"Sende\"\/><\/p><\/fieldset><\/form><div id=\"ajaxresponse_1\" class=\"ajaxresponse ajaxresponse_1 hidden\"><\/div><\/p><\/div><\/div><!--close column table wrapper. Autoclose: 1 --><\/div><\/div><\/div><!-- close content main div --><\/div><\/div><div id='after_section_1'  class='main_color av_default_container_wrap container_wrap sidebar_right'  ><div class='container av-section-cont-open' ><div class='template-page content  av-content-small alpha units'><div class='post-entry post-entry-type-page post-entry-98'><div class='entry-content-wrapper clearfix'>\n","protected":false},"excerpt":{"rendered":"","protected":false},"author":2,"featured_media":462,"parent":0,"menu_order":50,"comment_status":"open","ping_status":"closed","template":"","meta":{"footnotes":""},"class_list":["post-98","page","type-page","status-publish","has-post-thumbnail","hentry"],"_links":{"self":[{"href":"https:\/\/www.ursheld.ch\/ursheld\/wp-json\/wp\/v2\/pages\/98","targetHints":{"allow":["GET"]}}],"collection":[{"href":"https:\/\/www.ursheld.ch\/ursheld\/wp-json\/wp\/v2\/pages"}],"about":[{"href":"https:\/\/www.ursheld.ch\/ursheld\/wp-json\/wp\/v2\/types\/page"}],"author":[{"embeddable":true,"href":"https:\/\/www.ursheld.ch\/ursheld\/wp-json\/wp\/v2\/users\/2"}],"replies":[{"embeddable":true,"href":"https:\/\/www.ursheld.ch\/ursheld\/wp-json\/wp\/v2\/comments?post=98"}],"version-history":[{"count":27,"href":"https:\/\/www.ursheld.ch\/ursheld\/wp-json\/wp\/v2\/pages\/98\/revisions"}],"predecessor-version":[{"id":7781,"href":"https:\/\/www.ursheld.ch\/ursheld\/wp-json\/wp\/v2\/pages\/98\/revisions\/7781"}],"wp:featuredmedia":[{"embeddable":true,"href":"https:\/\/www.ursheld.ch\/ursheld\/wp-json\/wp\/v2\/media\/462"}],"wp:attachment":[{"href":"https:\/\/www.ursheld.ch\/ursheld\/wp-json\/wp\/v2\/media?parent=98"}],"curies":[{"name":"wp","href":"https:\/\/api.w.org\/{rel}","templated":true}]}}